{"id":397,"date":"2022-03-21T16:17:44","date_gmt":"2022-03-21T21:17:44","guid":{"rendered":"https:\/\/carrefour.adgmarketing.com\/inscription-pour-devenir-membre\/"},"modified":"2022-05-26T10:41:08","modified_gmt":"2022-05-26T15:41:08","slug":"fees-and-membership-types","status":"publish","type":"page","link":"https:\/\/carrefour.adgmarketing.com\/en\/fees-and-membership-types\/","title":{"rendered":"Fees and Membership Types"},"content":{"rendered":"","protected":false},"excerpt":{"rendered":"","protected":false},"author":1,"featured_media":0,"parent":0,"menu_order":30,"comment_status":"closed","ping_status":"closed","template":"","meta":{"_acf_changed":false,"_bbp_topic_count":0,"_bbp_reply_count":0,"_bbp_total_topic_count":0,"_bbp_total_reply_count":0,"_bbp_voice_count":0,"_bbp_anonymous_reply_count":0,"_bbp_topic_count_hidden":0,"_bbp_reply_count_hidden":0,"_bbp_forum_subforum_count":0,"footnotes":""},"class_list":["post-397","page","type-page","status-publish","hentry"],"acf":[],"yoast_head":"<!-- This site is optimized with the Yoast SEO plugin v26.3 - https:\/\/yoast.com\/wordpress\/plugins\/seo\/ -->\n<title>Fees and Membership Types - CQFA - Carrefour qu\u00e9b\u00e9cois de la fabrication additive<\/title>\n<meta name=\"robots\" content=\"noindex, follow, max-snippet:-1, max-image-preview:large, max-video-preview:-1\" \/>\n<meta property=\"og:locale\" content=\"en_US\" \/>\n<meta property=\"og:type\" content=\"article\" \/>\n<meta property=\"og:title\" content=\"Fees and Membership Types - CQFA - Carrefour qu\u00e9b\u00e9cois de la fabrication additive\" \/>\n<meta property=\"og:url\" content=\"https:\/\/carrefour.adgmarketing.com\/en\/fees-and-membership-types\/\" \/>\n<meta property=\"og:site_name\" content=\"CQFA - Carrefour qu\u00e9b\u00e9cois de la fabrication additive\" \/>\n<meta property=\"article:modified_time\" content=\"2022-05-26T15:41:08+00:00\" \/>\n<meta name=\"twitter:card\" content=\"summary_large_image\" \/>\n<script type=\"application\/ld+json\" class=\"yoast-schema-graph\">{\"@context\":\"https:\/\/schema.org\",\"@graph\":[{\"@type\":\"WebPage\",\"@id\":\"https:\/\/carrefour.adgmarketing.com\/en\/fees-and-membership-types\/\",\"url\":\"https:\/\/carrefour.adgmarketing.com\/en\/fees-and-membership-types\/\",\"name\":\"Fees and Membership Types - CQFA - Carrefour qu\u00e9b\u00e9cois de la fabrication additive\",\"isPartOf\":{\"@id\":\"https:\/\/carrefour.adgmarketing.com\/en\/#website\"},\"datePublished\":\"2022-03-21T21:17:44+00:00\",\"dateModified\":\"2022-05-26T15:41:08+00:00\",\"breadcrumb\":{\"@id\":\"https:\/\/carrefour.adgmarketing.com\/en\/fees-and-membership-types\/#breadcrumb\"},\"inLanguage\":\"en-US\",\"potentialAction\":[{\"@type\":\"ReadAction\",\"target\":[\"https:\/\/carrefour.adgmarketing.com\/en\/fees-and-membership-types\/\"]}]},{\"@type\":\"BreadcrumbList\",\"@id\":\"https:\/\/carrefour.adgmarketing.com\/en\/fees-and-membership-types\/#breadcrumb\",\"itemListElement\":[{\"@type\":\"ListItem\",\"position\":1,\"name\":\"Accueil\",\"item\":\"https:\/\/carrefour.adgmarketing.com\/en\/\"},{\"@type\":\"ListItem\",\"position\":2,\"name\":\"Fees and Membership Types\"}]},{\"@type\":\"WebSite\",\"@id\":\"https:\/\/carrefour.adgmarketing.com\/en\/#website\",\"url\":\"https:\/\/carrefour.adgmarketing.com\/en\/\",\"name\":\"CQFA - Carrefour qu\u00e9b\u00e9cois de la fabrication additive\",\"description\":\"site du CQFA - Carrefour qu\u00e9b\u00e9cois de la fabrication additive\",\"potentialAction\":[{\"@type\":\"SearchAction\",\"target\":{\"@type\":\"EntryPoint\",\"urlTemplate\":\"https:\/\/carrefour.adgmarketing.com\/en\/?s={search_term_string}\"},\"query-input\":{\"@type\":\"PropertyValueSpecification\",\"valueRequired\":true,\"valueName\":\"search_term_string\"}}],\"inLanguage\":\"en-US\"}]}<\/script>\n<!-- \/ Yoast SEO plugin. -->","yoast_head_json":{"title":"Fees and Membership Types - CQFA - Carrefour qu\u00e9b\u00e9cois de la fabrication additive","robots":{"index":"noindex","follow":"follow","max-snippet":"max-snippet:-1","max-image-preview":"max-image-preview:large","max-video-preview":"max-video-preview:-1"},"og_locale":"en_US","og_type":"article","og_title":"Fees and Membership Types - CQFA - Carrefour qu\u00e9b\u00e9cois de la fabrication additive","og_url":"https:\/\/carrefour.adgmarketing.com\/en\/fees-and-membership-types\/","og_site_name":"CQFA - Carrefour qu\u00e9b\u00e9cois de la fabrication additive","article_modified_time":"2022-05-26T15:41:08+00:00","twitter_card":"summary_large_image","schema":{"@context":"https:\/\/schema.org","@graph":[{"@type":"WebPage","@id":"https:\/\/carrefour.adgmarketing.com\/en\/fees-and-membership-types\/","url":"https:\/\/carrefour.adgmarketing.com\/en\/fees-and-membership-types\/","name":"Fees and Membership Types - CQFA - Carrefour qu\u00e9b\u00e9cois de la fabrication additive","isPartOf":{"@id":"https:\/\/carrefour.adgmarketing.com\/en\/#website"},"datePublished":"2022-03-21T21:17:44+00:00","dateModified":"2022-05-26T15:41:08+00:00","breadcrumb":{"@id":"https:\/\/carrefour.adgmarketing.com\/en\/fees-and-membership-types\/#breadcrumb"},"inLanguage":"en-US","potentialAction":[{"@type":"ReadAction","target":["https:\/\/carrefour.adgmarketing.com\/en\/fees-and-membership-types\/"]}]},{"@type":"BreadcrumbList","@id":"https:\/\/carrefour.adgmarketing.com\/en\/fees-and-membership-types\/#breadcrumb","itemListElement":[{"@type":"ListItem","position":1,"name":"Accueil","item":"https:\/\/carrefour.adgmarketing.com\/en\/"},{"@type":"ListItem","position":2,"name":"Fees and Membership Types"}]},{"@type":"WebSite","@id":"https:\/\/carrefour.adgmarketing.com\/en\/#website","url":"https:\/\/carrefour.adgmarketing.com\/en\/","name":"CQFA - Carrefour qu\u00e9b\u00e9cois de la fabrication additive","description":"site du CQFA - Carrefour qu\u00e9b\u00e9cois de la fabrication additive","potentialAction":[{"@type":"SearchAction","target":{"@type":"EntryPoint","urlTemplate":"https:\/\/carrefour.adgmarketing.com\/en\/?s={search_term_string}"},"query-input":{"@type":"PropertyValueSpecification","valueRequired":true,"valueName":"search_term_string"}}],"inLanguage":"en-US"}]}},"_links":{"self":[{"href":"https:\/\/carrefour.adgmarketing.com\/en\/wp-json\/wp\/v2\/pages\/397","targetHints":{"allow":["GET"]}}],"collection":[{"href":"https:\/\/carrefour.adgmarketing.com\/en\/wp-json\/wp\/v2\/pages"}],"about":[{"href":"https:\/\/carrefour.adgmarketing.com\/en\/wp-json\/wp\/v2\/types\/page"}],"author":[{"embeddable":true,"href":"https:\/\/carrefour.adgmarketing.com\/en\/wp-json\/wp\/v2\/users\/1"}],"replies":[{"embeddable":true,"href":"https:\/\/carrefour.adgmarketing.com\/en\/wp-json\/wp\/v2\/comments?post=397"}],"version-history":[{"count":5,"href":"https:\/\/carrefour.adgmarketing.com\/en\/wp-json\/wp\/v2\/pages\/397\/revisions"}],"predecessor-version":[{"id":1347,"href":"https:\/\/carrefour.adgmarketing.com\/en\/wp-json\/wp\/v2\/pages\/397\/revisions\/1347"}],"wp:attachment":[{"href":"https:\/\/carrefour.adgmarketing.com\/en\/wp-json\/wp\/v2\/media?parent=397"}],"curies":[{"name":"wp","href":"https:\/\/api.w.org\/{rel}","templated":true}]}}