{"id":896,"date":"2022-03-22T11:00:21","date_gmt":"2022-03-22T16:00:21","guid":{"rendered":"https:\/\/carrefour.adgmarketing.com\/research-results\/"},"modified":"2022-03-22T11:00:21","modified_gmt":"2022-03-22T16:00:21","slug":"research-results","status":"publish","type":"page","link":"https:\/\/carrefour.adgmarketing.com\/en\/research-results\/","title":{"rendered":"Research results"},"content":{"rendered":"","protected":false},"excerpt":{"rendered":"","protected":false},"author":1,"featured_media":0,"parent":0,"menu_order":9,"comment_status":"closed","ping_status":"closed","template":"template-search.php","meta":{"_acf_changed":false,"_bbp_topic_count":0,"_bbp_reply_count":0,"_bbp_total_topic_count":0,"_bbp_total_reply_count":0,"_bbp_voice_count":0,"_bbp_anonymous_reply_count":0,"_bbp_topic_count_hidden":0,"_bbp_reply_count_hidden":0,"_bbp_forum_subforum_count":0,"footnotes":""},"class_list":["post-896","page","type-page","status-publish","hentry"],"acf":[],"yoast_head":"<!-- This site is optimized with the Yoast SEO plugin v26.3 - https:\/\/yoast.com\/wordpress\/plugins\/seo\/ -->\n<title>Research results - CQFA - Carrefour qu\u00e9b\u00e9cois de la fabrication additive<\/title>\n<meta name=\"robots\" content=\"noindex, follow, max-snippet:-1, max-image-preview:large, max-video-preview:-1\" \/>\n<meta property=\"og:locale\" content=\"en_US\" \/>\n<meta property=\"og:type\" content=\"article\" \/>\n<meta property=\"og:title\" content=\"Research results - CQFA - Carrefour qu\u00e9b\u00e9cois de la fabrication additive\" \/>\n<meta property=\"og:url\" content=\"https:\/\/carrefour.adgmarketing.com\/en\/research-results\/\" \/>\n<meta property=\"og:site_name\" content=\"CQFA - Carrefour qu\u00e9b\u00e9cois de la fabrication additive\" \/>\n<meta name=\"twitter:card\" content=\"summary_large_image\" \/>\n<script type=\"application\/ld+json\" class=\"yoast-schema-graph\">{\"@context\":\"https:\/\/schema.org\",\"@graph\":[{\"@type\":\"WebPage\",\"@id\":\"https:\/\/carrefour.adgmarketing.com\/en\/research-results\/\",\"url\":\"https:\/\/carrefour.adgmarketing.com\/en\/research-results\/\",\"name\":\"Research results - CQFA - Carrefour qu\u00e9b\u00e9cois de la fabrication additive\",\"isPartOf\":{\"@id\":\"https:\/\/carrefour.adgmarketing.com\/en\/#website\"},\"datePublished\":\"2022-03-22T16:00:21+00:00\",\"breadcrumb\":{\"@id\":\"https:\/\/carrefour.adgmarketing.com\/en\/research-results\/#breadcrumb\"},\"inLanguage\":\"en-US\",\"potentialAction\":[{\"@type\":\"ReadAction\",\"target\":[\"https:\/\/carrefour.adgmarketing.com\/en\/research-results\/\"]}]},{\"@type\":\"BreadcrumbList\",\"@id\":\"https:\/\/carrefour.adgmarketing.com\/en\/research-results\/#breadcrumb\",\"itemListElement\":[{\"@type\":\"ListItem\",\"position\":1,\"name\":\"Accueil\",\"item\":\"https:\/\/carrefour.adgmarketing.com\/en\/\"},{\"@type\":\"ListItem\",\"position\":2,\"name\":\"Research results\"}]},{\"@type\":\"WebSite\",\"@id\":\"https:\/\/carrefour.adgmarketing.com\/en\/#website\",\"url\":\"https:\/\/carrefour.adgmarketing.com\/en\/\",\"name\":\"CQFA - Carrefour qu\u00e9b\u00e9cois de la fabrication additive\",\"description\":\"site du CQFA - Carrefour qu\u00e9b\u00e9cois de la fabrication additive\",\"potentialAction\":[{\"@type\":\"SearchAction\",\"target\":{\"@type\":\"EntryPoint\",\"urlTemplate\":\"https:\/\/carrefour.adgmarketing.com\/en\/?s={search_term_string}\"},\"query-input\":{\"@type\":\"PropertyValueSpecification\",\"valueRequired\":true,\"valueName\":\"search_term_string\"}}],\"inLanguage\":\"en-US\"}]}<\/script>\n<!-- \/ Yoast SEO plugin. -->","yoast_head_json":{"title":"Research results - CQFA - Carrefour qu\u00e9b\u00e9cois de la fabrication additive","robots":{"index":"noindex","follow":"follow","max-snippet":"max-snippet:-1","max-image-preview":"max-image-preview:large","max-video-preview":"max-video-preview:-1"},"og_locale":"en_US","og_type":"article","og_title":"Research results - CQFA - Carrefour qu\u00e9b\u00e9cois de la fabrication additive","og_url":"https:\/\/carrefour.adgmarketing.com\/en\/research-results\/","og_site_name":"CQFA - Carrefour qu\u00e9b\u00e9cois de la fabrication additive","twitter_card":"summary_large_image","schema":{"@context":"https:\/\/schema.org","@graph":[{"@type":"WebPage","@id":"https:\/\/carrefour.adgmarketing.com\/en\/research-results\/","url":"https:\/\/carrefour.adgmarketing.com\/en\/research-results\/","name":"Research results - CQFA - Carrefour qu\u00e9b\u00e9cois de la fabrication additive","isPartOf":{"@id":"https:\/\/carrefour.adgmarketing.com\/en\/#website"},"datePublished":"2022-03-22T16:00:21+00:00","breadcrumb":{"@id":"https:\/\/carrefour.adgmarketing.com\/en\/research-results\/#breadcrumb"},"inLanguage":"en-US","potentialAction":[{"@type":"ReadAction","target":["https:\/\/carrefour.adgmarketing.com\/en\/research-results\/"]}]},{"@type":"BreadcrumbList","@id":"https:\/\/carrefour.adgmarketing.com\/en\/research-results\/#breadcrumb","itemListElement":[{"@type":"ListItem","position":1,"name":"Accueil","item":"https:\/\/carrefour.adgmarketing.com\/en\/"},{"@type":"ListItem","position":2,"name":"Research results"}]},{"@type":"WebSite","@id":"https:\/\/carrefour.adgmarketing.com\/en\/#website","url":"https:\/\/carrefour.adgmarketing.com\/en\/","name":"CQFA - Carrefour qu\u00e9b\u00e9cois de la fabrication additive","description":"site du CQFA - Carrefour qu\u00e9b\u00e9cois de la fabrication additive","potentialAction":[{"@type":"SearchAction","target":{"@type":"EntryPoint","urlTemplate":"https:\/\/carrefour.adgmarketing.com\/en\/?s={search_term_string}"},"query-input":{"@type":"PropertyValueSpecification","valueRequired":true,"valueName":"search_term_string"}}],"inLanguage":"en-US"}]}},"_links":{"self":[{"href":"https:\/\/carrefour.adgmarketing.com\/en\/wp-json\/wp\/v2\/pages\/896","targetHints":{"allow":["GET"]}}],"collection":[{"href":"https:\/\/carrefour.adgmarketing.com\/en\/wp-json\/wp\/v2\/pages"}],"about":[{"href":"https:\/\/carrefour.adgmarketing.com\/en\/wp-json\/wp\/v2\/types\/page"}],"author":[{"embeddable":true,"href":"https:\/\/carrefour.adgmarketing.com\/en\/wp-json\/wp\/v2\/users\/1"}],"replies":[{"embeddable":true,"href":"https:\/\/carrefour.adgmarketing.com\/en\/wp-json\/wp\/v2\/comments?post=896"}],"version-history":[{"count":0,"href":"https:\/\/carrefour.adgmarketing.com\/en\/wp-json\/wp\/v2\/pages\/896\/revisions"}],"wp:attachment":[{"href":"https:\/\/carrefour.adgmarketing.com\/en\/wp-json\/wp\/v2\/media?parent=896"}],"curies":[{"name":"wp","href":"https:\/\/api.w.org\/{rel}","templated":true}]}}